{"id":6414,"date":"2018-09-11T18:18:49","date_gmt":"2018-09-11T16:18:49","guid":{"rendered":"https:\/\/www.voyagespersonnalises.fr\/voyage\/?page_id=6414"},"modified":"2019-07-30T10:25:45","modified_gmt":"2019-07-30T08:25:45","slug":"india-rajasthan-personalised-tours","status":"publish","type":"page","link":"https:\/\/www.voyagespersonnalises.fr\/en\/india-rajasthan-personalised-tours\/","title":{"rendered":"RAJASTHAN"},"content":{"rendered":"<div class=\"wpb-content-wrapper\"><p>[vc_row][vc_column][vc_single_image image=&#8221;6702&#8243; img_size=&#8221;1920X550&#8243; alignment=&#8221;center&#8221;][vc_empty_space][\/vc_column][\/vc_row][vc_row][vc_column]<h1 style=\"color:#9e8748;\" class=\"  center\">RAJASTHAN<\/h1>[vc_empty_space][\/vc_column][\/vc_row][vc_row][vc_column][vc_column_text]<a href=\"https:\/\/www.voyagespersonnalises.fr\/voyage\/wp-content\/uploads\/2018\/06\/Mr-desert-round.jpg\"><img loading=\"lazy\" decoding=\"async\" class=\"size-thumbnail wp-image-3901 alignleft\" src=\"https:\/\/www.voyagespersonnalises.fr\/voyage\/wp-content\/uploads\/2018\/06\/Mr-desert-round-150x150.jpg\" alt=\"\" width=\"150\" height=\"150\" \/><\/a><\/p>\n<p>Rajasthan is vast, rough terrain, literally filled with treasures whether be its Royal Palaces, Havelis, hunting lodges, pleasure gardens, hidden villages wrapped in stunning colours and warm, lovely people<br \/>\nNot to forget a roaring wildlife with tigers and leopards, buffaloes, an array of deer watched over by Camels and Elephants.[\/vc_column_text][\/vc_column][\/vc_row][vc_row][vc_column][vc_empty_space][\/vc_column][\/vc_row][vc_row full_width=&#8221;stretch_row_content_no_spaces&#8221; equal_height=&#8221;yes&#8221;][vc_column width=&#8221;1\/4&#8243;][vc_column_text]<a href=\"https:\/\/www.voyagespersonnalises.fr\/voyage\/wp-content\/uploads\/2018\/04\/VP-Rajasthan-Jaisalmer-Fort-1-780-x-520.jpg\"><img loading=\"lazy\" decoding=\"async\" class=\"aligncenter wp-image-3448\" src=\"https:\/\/www.voyagespersonnalises.fr\/voyage\/wp-content\/uploads\/2018\/04\/VP-Rajasthan-Jaisalmer-Fort-1-780-x-520-150x150.jpg\" alt=\"\" width=\"335\" height=\"223\" srcset=\"https:\/\/www.voyagespersonnalises.fr\/wp-content\/uploads\/2018\/04\/VP-Rajasthan-Jaisalmer-Fort-1-780-x-520-300x200.jpg 300w, https:\/\/www.voyagespersonnalises.fr\/wp-content\/uploads\/2018\/04\/VP-Rajasthan-Jaisalmer-Fort-1-780-x-520-768x512.jpg 768w, https:\/\/www.voyagespersonnalises.fr\/wp-content\/uploads\/2018\/04\/VP-Rajasthan-Jaisalmer-Fort-1-780-x-520.jpg 780w\" sizes=\"auto, (max-width: 335px) 100vw, 335px\" \/><\/a>[\/vc_column_text][\/vc_column][vc_column width=&#8221;1\/4&#8243;][vc_column_text]<a href=\"https:\/\/www.voyagespersonnalises.fr\/voyage\/wp-content\/uploads\/2018\/04\/VP-Desert-Resort-780-x-520.jpg\"><img loading=\"lazy\" decoding=\"async\" class=\"aligncenter wp-image-3352\" src=\"https:\/\/www.voyagespersonnalises.fr\/voyage\/wp-content\/uploads\/2018\/04\/VP-Desert-Resort-780-x-520-150x150.jpg\" alt=\"\" width=\"335\" height=\"223\" srcset=\"https:\/\/www.voyagespersonnalises.fr\/wp-content\/uploads\/2018\/04\/VP-Desert-Resort-780-x-520-300x200.jpg 300w, https:\/\/www.voyagespersonnalises.fr\/wp-content\/uploads\/2018\/04\/VP-Desert-Resort-780-x-520-768x512.jpg 768w, https:\/\/www.voyagespersonnalises.fr\/wp-content\/uploads\/2018\/04\/VP-Desert-Resort-780-x-520.jpg 780w\" sizes=\"auto, (max-width: 335px) 100vw, 335px\" \/><\/a>[\/vc_column_text][\/vc_column][vc_column width=&#8221;1\/4&#8243;][vc_column_text]<a href=\"https:\/\/www.voyagespersonnalises.fr\/voyage\/wp-content\/uploads\/2018\/09\/India-Bandhavgarh-Tiger-Voyages-Personnalis\u00e9s-2.jpg\"><img loading=\"lazy\" decoding=\"async\" class=\"aligncenter wp-image-6653\" src=\"https:\/\/www.voyagespersonnalises.fr\/voyage\/wp-content\/uploads\/2018\/09\/India-Bandhavgarh-Tiger-Voyages-Personnalis\u00e9s-2-150x150.jpg\" alt=\"\" width=\"335\" height=\"223\" srcset=\"https:\/\/www.voyagespersonnalises.fr\/wp-content\/uploads\/2018\/09\/India-Bandhavgarh-Tiger-Voyages-Personnalis\u00e9s-2-300x200.jpg 300w, https:\/\/www.voyagespersonnalises.fr\/wp-content\/uploads\/2018\/09\/India-Bandhavgarh-Tiger-Voyages-Personnalis\u00e9s-2-768x512.jpg 768w, https:\/\/www.voyagespersonnalises.fr\/wp-content\/uploads\/2018\/09\/India-Bandhavgarh-Tiger-Voyages-Personnalis\u00e9s-2.jpg 780w\" sizes=\"auto, (max-width: 335px) 100vw, 335px\" \/><\/a>[\/vc_column_text][\/vc_column][vc_column width=&#8221;1\/4&#8243;][vc_column_text]<a href=\"https:\/\/www.voyagespersonnalises.fr\/voyage\/wp-content\/uploads\/2018\/09\/VP-Rajasthan-Udaipur-Ambiance-2-556-x-810.jpg\"><img loading=\"lazy\" decoding=\"async\" class=\"aligncenter wp-image-6665\" src=\"https:\/\/www.voyagespersonnalises.fr\/voyage\/wp-content\/uploads\/2018\/09\/VP-Rajasthan-Udaipur-Ambiance-2-556-x-810-150x150.jpg\" alt=\"\" width=\"335\" height=\"228\" srcset=\"https:\/\/www.voyagespersonnalises.fr\/wp-content\/uploads\/2018\/09\/VP-Rajasthan-Udaipur-Ambiance-2-556-x-810-300x204.jpg 300w, https:\/\/www.voyagespersonnalises.fr\/wp-content\/uploads\/2018\/09\/VP-Rajasthan-Udaipur-Ambiance-2-556-x-810.jpg 764w\" sizes=\"auto, (max-width: 335px) 100vw, 335px\" \/><\/a>[\/vc_column_text][\/vc_column][\/vc_row][vc_row][vc_column][vc_empty_space][\/vc_column][\/vc_row][vc_row][vc_column]<h2 style=\"color:#ea07db;\" class=\"  center\">Recommended for Rajasthan and the Thar Desert <\/h2>[\/vc_column][\/vc_row][vc_row][vc_column][vc_column_text]<a href=\"https:\/\/www.voyagespersonnalises.fr\/voyage\/wp-content\/uploads\/2018\/07\/Sans-nom-4.jpg\"><img loading=\"lazy\" decoding=\"async\" class=\"wp-image-3911 size-thumbnail alignleft\" src=\"https:\/\/www.voyagespersonnalises.fr\/voyage\/wp-content\/uploads\/2018\/07\/Sans-nom-4-150x150.jpg\" alt=\"\" width=\"150\" height=\"150\" \/><\/a><\/p>\n<p>To discover and appreciate Rajasthan, one need time such is the amount of &#8220;treasures&#8221; sprayed over its land, the land of the Maharajs! And they were many, and each had its kingdome filled with forts and palaces.<\/p>\n<p>Apart from the main heritage cities, Jaipur, Jodhpur, Udaipur, in between, there are countless charmfull places where to stop over.<\/p>\n<p>This is the reason why a journey has to be planned carefully, according to your time at hand and budget, for you to enjoy and absorb as much as possible this historical wonder state!<\/p>\n<p>Let&#8217;s do it together beforehand, finding how to satisfy your interests then, off you go, safely driven, on the roads of history!<\/p>\n<p>&nbsp;<\/p>\n<p>[\/vc_column_text][\/vc_column][\/vc_row][vc_row][vc_column]<h2 style=\"color:#9e8748;\" class=\"  center\">Tailor Made Tours in Rajasthan <\/h2>[\/vc_column][\/vc_row][vc_row full_width=&#8221;stretch_row_content_no_spaces&#8221; equal_height=&#8221;yes&#8221; css=&#8221;.vc_custom_1536422932354{margin-top: 20px !important;}&#8221;][vc_column el_class=&#8221;nicdark_sidebar_fixed_container nicdark_width100_ipadpotr&#8221; css=&#8221;.vc_custom_1431693056633{padding-right: 0px !important;padding-left: 0px !important;}&#8221;][vc_empty_space][\/vc_column][\/vc_row][vc_row][vc_column width=&#8221;1\/2&#8243;]<div class=\"nicdark_masonry_container 0\">\n\n    <div style=\"box-sizing:border-box;\" class=\"grid grid_12 percentage nicdark_padding10 nicdark_masonry_item  tailor-made \">\n      \n\n        <div class=\"nicdark_textevidence nicdark_bg_blue\">\n            <h4 class=\"white nicdark_margin20\">Rajasthan Treasures<\/h4>\n        <\/div>\n        <div class=\"nicdark_featured_image\"><img decoding=\"async\" alt=\"\" src=\"https:\/\/www.voyagespersonnalises.fr\/wp-content\/uploads\/2018\/04\/VP-Taj-Mahal-2-600-x-400.jpg\"><\/div>\n        <div class=\"nicdark_focus nicdark_border_grey nicdark_sizing nicdark_padding20\">\n            <p><a href=\"https:\/\/www.voyagespersonnalises.fr\/en\/2019\/01\/royal-rajasthan\/\"><i><font color =\"62a2b2\">India - Rajasthan Treasures<\/font><\/i><\/a><\/p>\n            <div class=\"nicdark_space20\"><\/div>\n            <a class=\"nicdark_btn nicdark_press nicdark_bg_blue white medium  \" href=\"https:\/\/www.voyagespersonnalises.fr\/en\/2019\/01\/rajasthan-treasures-tailor-made\/\">READ MORE<\/a>\n        <\/div>\n\n      \n    <\/div>\n\n<\/div>[\/vc_column][vc_column width=&#8221;1\/2&#8243;]<div class=\"nicdark_masonry_container 0\">\n\n    <div style=\"box-sizing:border-box;\" class=\"grid grid_12 percentage nicdark_padding10 nicdark_masonry_item  tailor-made \">\n      \n\n        <div class=\"nicdark_textevidence nicdark_bg_yellow\">\n            <h4 class=\"white nicdark_margin20\">Rajasthan Unexplored<\/h4>\n        <\/div>\n        <div class=\"nicdark_featured_image\"><img decoding=\"async\" alt=\"\" src=\"https:\/\/www.voyagespersonnalises.fr\/wp-content\/uploads\/2018\/04\/VP-Rajasthan-Jaisalmer-Fort-1-780-x-520.jpg\"><\/div>\n        <div class=\"nicdark_focus nicdark_border_grey nicdark_sizing nicdark_padding20\">\n            <p><a href=\"https:\/\/www.voyagespersonnalises.fr\/en\/2019\/01\/rajasthan-unexplored-tailor-made\/\"><i><font color =\"62a2b2\"> India - Rajasthan Unexplored<\/font><\/i><\/a>\r\n\r\n\r\n<\/p>\n            <div class=\"nicdark_space20\"><\/div>\n            <a class=\"nicdark_btn nicdark_press nicdark_bg_yellow white medium  \" href=\"https:\/\/www.voyagespersonnalises.fr\/en\/2019\/01\/rajasthan-unexplored-tailor-made\/\">READ MORE<\/a>\n        <\/div>\n\n      \n    <\/div>\n\n<\/div>[\/vc_column][\/vc_row]<br \/>\n[vc_row][vc_column][vc_empty_space height=&#8221;50px&#8221;]<div class=\"nicdark_divider  center big \"><span style=\"background-color:#f90487;\" ><\/span><\/div>[vc_empty_space][vc_column][\/vc_column]<h1 style=\"color:#ff9400;\" class=\"  center\">JAISALMER<\/h1>[\/vc_row][vc_row][vc_column][vc_empty_space height=&#8221;50px&#8221;][vc_column_text css=&#8221;.vc_custom_1556055575549{border-radius: 3px !important;}&#8221;]<a href=\"https:\/\/www.voyagespersonnalises.fr\/wp-content\/uploads\/2018\/04\/VP-Rajasthan-Jaisalmer-1920-x-1080.jpg\"><img loading=\"lazy\" decoding=\"async\" class=\"aligncenter wp-image-4681 size-medium\" src=\"https:\/\/www.voyagespersonnalises.fr\/wp-content\/uploads\/2018\/04\/VP-Rajasthan-Jaisalmer-1920-x-1080-300x171.jpg\" alt=\"India - Jaisalmer - Rajasthan\" width=\"300\" height=\"171\" srcset=\"https:\/\/www.voyagespersonnalises.fr\/wp-content\/uploads\/2018\/04\/VP-Rajasthan-Jaisalmer-1920-x-1080-300x171.jpg 300w, https:\/\/www.voyagespersonnalises.fr\/wp-content\/uploads\/2018\/04\/VP-Rajasthan-Jaisalmer-1920-x-1080-768x437.jpg 768w, https:\/\/www.voyagespersonnalises.fr\/wp-content\/uploads\/2018\/04\/VP-Rajasthan-Jaisalmer-1920-x-1080.jpg 1900w, https:\/\/www.voyagespersonnalises.fr\/wp-content\/uploads\/2018\/04\/VP-Rajasthan-Jaisalmer-1920-x-1080-1180x671.jpg 1180w\" sizes=\"auto, (max-width: 300px) 100vw, 300px\" \/><\/a><\/p>\n<p style=\"text-align: center;\">Fascin\u00e9 par le Rajasthan et le d\u00e9sert du Thar, en 1990 je d\u00e9couvre Jaisalmer.<\/p>\n<p style=\"text-align: center;\">Coup de foudre imm\u00e9diat pour cet endroit incroyable, v\u00e9ritable compte des milles et une nuit sculpt\u00e9 dans du gr\u00e8s jaune. Petit \u00e0 petit, je transformais ma premi\u00e8re maison , une tour du fort, pour en faire le spectaculaire h\u00f4tel de 8 chambres d&#8217;aujourd&#8217;hui, le Killa Bhawan !<\/p>\n<p>Et en 2019, une nouvelle maison au c\u0153ur de la cit\u00e9, Hamari Haveli, pour exp\u00e9rimenter la vie d&#8217;une cit\u00e9 m\u00e9di\u00e9vale de pr\u00e8s. Jetez un coup d&#8217;\u0153il\u2026<\/p>\n<p>[\/vc_column_text][vc_empty_space height=&#8221;50px&#8221;][\/vc_column][\/vc_row][vc_row][vc_column][vc_btn title=&#8221;Hotel Killa Bahwan&#8221; style=&#8221;3d&#8221; color=&#8221;warning&#8221; size=&#8221;lg&#8221; align=&#8221;center&#8221; link=&#8221;url:https%3A%2F%2Fwww.hotelkillabhawan.com%2Ffr%2Fhotel-historique-jaisalmer-killa-bhawan%2F||target:%20_blank&#8221;][vc_empty_space height=&#8221;50px&#8221;][vc_btn title=&#8221;Hamari Haveli&#8221; style=&#8221;3d&#8221; color=&#8221;warning&#8221; align=&#8221;center&#8221; link=&#8221;url:https%3A%2F%2Fwww.hamarihaveli.com%2Fjaisalmer-house-for-rent.html||target:%20_blank&#8221;][\/vc_column][\/vc_row][vc_row][vc_column][vc_column_text]<\/p>\n<p>[\/vc_column_text][\/vc_column][\/vc_row][vc_row][vc_column][vc_empty_space]<div class=\"nicdark_divider  center big \"><span style=\"background-color:#9e8748;\" ><\/span><\/div>[vc_empty_space]<h3 style=\"color:#ea07db;\" class=\"  center\">They Traveled with Us<\/h3>[vc_empty_space][vc_column_text]        <div class=\"wcp-carousel-main-wrap\">\r\n        <section class=\"wcp-slick\"  data-accessibility = on data-autoplaySpeed = 5000 data-slidesToShow = 5 data-slidesToShowtab = 3 data-slidesToShowmob = 1 data-slidesToScroll = 1 data-speed = 500 data-margin = 20px data-arrows = on data-rows = 1 data-slidesPerRow = 4 id=\"carousel-5146\">\r\n\r\n                            <div class=\"slick-slide carousel-item-5165\">\r\n                    <figure class=\"carousel-style9 rpc-box rpc-bg\">\r\n  <figcaption>\r\n  \t<div class=\"fixed-height-image\"><img loading=\"lazy\" decoding=\"async\" width=\"150\" height=\"150\" src=\"https:\/\/www.voyagespersonnalises.fr\/wp-content\/uploads\/2018\/07\/Sans-nom-8-150x150.jpg\" class=\"attachment-thumbnail size-thumbnail wp-post-image\" alt=\"\" \/><\/div>    <h3 class=\"rpc-title\">\r\n    \tEric Van Laer    <\/h3>\r\n    <p class=\"rpc-content\">\r\n    \t- Extraordinary ! -    <\/p>\r\n\t                <br>\r\n                <a href=\"https:\/\/www.voyagespersonnalises.fr\/en\/2018\/08\/eric-van-laer-2016-madhya-pradesh-personalised-voyages\/\" target=\"_self\" class=\"\">Read more<\/a>\r\n            \r\n  <\/figcaption>\r\n<\/figure>                <\/div>    \r\n\r\n                            <div class=\"slick-slide carousel-item-5163\">\r\n                    <figure class=\"carousel-style9 rpc-box rpc-bg\">\r\n  <figcaption>\r\n  \t<div class=\"fixed-height-image\"><img loading=\"lazy\" decoding=\"async\" width=\"150\" height=\"150\" src=\"https:\/\/www.voyagespersonnalises.fr\/wp-content\/uploads\/2018\/08\/Testimonials-women-5-Voyages-Personnalis\u00e9s-150x150.jpg\" class=\"attachment-thumbnail size-thumbnail wp-post-image\" alt=\"Testimonials - women 5 - Voyages Personnalis\u00e9s\" \/><\/div>    <h3 class=\"rpc-title\">\r\n    \tSylviane Vauclaire    <\/h3>\r\n    <p class=\"rpc-content\">\r\n    \tPerfect from A to Z    <\/p>\r\n\t                <br>\r\n                <a href=\"https:\/\/www.voyagespersonnalises.fr\/en\/2018\/08\/testimonials-vauclaire-2016-kerala-personalised-voyages\/\" target=\"_self\" class=\"\">Read more<\/a>\r\n            \r\n  <\/figcaption>\r\n<\/figure>                <\/div>    \r\n\r\n                            <div class=\"slick-slide carousel-item-3966\">\r\n                    <figure class=\"carousel-style9 rpc-box rpc-bg\">\r\n  <figcaption>\r\n  \t<div class=\"fixed-height-image\"><img loading=\"lazy\" decoding=\"async\" width=\"150\" height=\"150\" src=\"https:\/\/www.voyagespersonnalises.fr\/wp-content\/uploads\/2018\/07\/Sans-nom-9-150x150.jpg\" class=\"attachment-thumbnail size-thumbnail wp-post-image\" alt=\"\" \/><\/div>    <h3 class=\"rpc-title\">\r\n    \tLanika Premdjee    <\/h3>\r\n    <p class=\"rpc-content\">\r\n    \t- Great surprises -    <\/p>\r\n\t                <br>\r\n                <a href=\"https:\/\/www.voyagespersonnalises.fr\/en\/2018\/07\/testimonials-lanika-premdjee-2018-rajasthan-personalised-voyages\/\" target=\"_self\" class=\"\">Read more<\/a>\r\n            \r\n  <\/figcaption>\r\n<\/figure>                <\/div>    \r\n\r\n                            <div class=\"slick-slide carousel-item-3316\">\r\n                    <figure class=\"carousel-style9 rpc-box rpc-bg\">\r\n  <figcaption>\r\n  \t<div class=\"fixed-height-image\"><img loading=\"lazy\" decoding=\"async\" width=\"150\" height=\"150\" src=\"https:\/\/www.voyagespersonnalises.fr\/wp-content\/uploads\/2018\/07\/Sans-nom-3-150x150.jpg\" class=\"attachment-thumbnail size-thumbnail wp-post-image\" alt=\"\" \/><\/div>    <h3 class=\"rpc-title\">\r\n    \tChevrier    <\/h3>\r\n    <p class=\"rpc-content\">\r\n    \t- Unforgettable -    <\/p>\r\n\t                <br>\r\n                <a href=\"https:\/\/www.voyagespersonnalises.fr\/en\/2018\/04\/testimonials-chevrier-golf-personalised-voyages\/\" target=\"_self\" class=\"\">Read more<\/a>\r\n            \r\n  <\/figcaption>\r\n<\/figure>                <\/div>    \r\n\r\n                            <div class=\"slick-slide carousel-item-3310\">\r\n                    <figure class=\"carousel-style9 rpc-box rpc-bg\">\r\n  <figcaption>\r\n  \t<div class=\"fixed-height-image\"><img loading=\"lazy\" decoding=\"async\" width=\"150\" height=\"150\" src=\"https:\/\/www.voyagespersonnalises.fr\/wp-content\/uploads\/2018\/07\/Sans-nom-6-150x150.jpg\" class=\"attachment-thumbnail size-thumbnail wp-post-image\" alt=\"\" srcset=\"https:\/\/www.voyagespersonnalises.fr\/wp-content\/uploads\/2018\/07\/Sans-nom-6-150x150.jpg 150w, https:\/\/www.voyagespersonnalises.fr\/wp-content\/uploads\/2018\/07\/Sans-nom-6-300x300.jpg 300w, https:\/\/www.voyagespersonnalises.fr\/wp-content\/uploads\/2018\/07\/Sans-nom-6-e1533222023846.jpg 200w\" sizes=\"auto, (max-width: 150px) 100vw, 150px\" \/><\/div>    <h3 class=\"rpc-title\">\r\n    \tAlastair bruce    <\/h3>\r\n    <p class=\"rpc-content\">\r\n    \t- Great Time ! -    <\/p>\r\n\t                <br>\r\n                <a href=\"https:\/\/www.voyagespersonnalises.fr\/en\/2018\/04\/testimonials-alastair-bruce-2016-rajasthan-personalised-voyages\/\" target=\"_self\" class=\"\">Read more<\/a>\r\n            \r\n  <\/figcaption>\r\n<\/figure>                <\/div>    \r\n\r\n                            <div class=\"slick-slide carousel-item-3294\">\r\n                    <figure class=\"carousel-style9 rpc-box rpc-bg\">\r\n  <figcaption>\r\n  \t<div class=\"fixed-height-image\"><img loading=\"lazy\" decoding=\"async\" width=\"150\" height=\"150\" src=\"https:\/\/www.voyagespersonnalises.fr\/wp-content\/uploads\/2018\/07\/Sans-nom-12-150x150.jpg\" class=\"attachment-thumbnail size-thumbnail wp-post-image\" alt=\"\" \/><\/div>    <h3 class=\"rpc-title\">\r\n    \tCorinne Perrier    <\/h3>\r\n    <p class=\"rpc-content\">\r\n    \t- Really fabulous -    <\/p>\r\n\t                <br>\r\n                <a href=\"https:\/\/www.voyagespersonnalises.fr\/en\/2018\/04\/testimonials-corinne-perrier-2015-rajasthan-personalised-voyages\/\" target=\"_self\" class=\"\">Read more<\/a>\r\n            \r\n  <\/figcaption>\r\n<\/figure>                <\/div>    \r\n\r\n                            <div class=\"slick-slide carousel-item-2664\">\r\n                    <figure class=\"carousel-style9 rpc-box rpc-bg\">\r\n  <figcaption>\r\n  \t<div class=\"fixed-height-image\"><img loading=\"lazy\" decoding=\"async\" width=\"150\" height=\"150\" src=\"https:\/\/www.voyagespersonnalises.fr\/wp-content\/uploads\/2018\/07\/Sans-nom-7-150x150.jpg\" class=\"attachment-thumbnail size-thumbnail wp-post-image\" alt=\"\" \/><\/div>    <h3 class=\"rpc-title\">\r\n    \tMaria Luisa Acierno    <\/h3>\r\n    <p class=\"rpc-content\">\r\n    \t- Viaggio bellissimo -    <\/p>\r\n\t                <br>\r\n                <a href=\"https:\/\/www.voyagespersonnalises.fr\/en\/2017\/12\/testimonials_maria-luisa-acierno-2018-rajasthan-personalised-voyages\/\" target=\"_self\" class=\"\">Read more<\/a>\r\n            \r\n  <\/figcaption>\r\n<\/figure>                <\/div>    \r\n\r\n                \r\n        <\/section>\r\n        <\/div>\r\n        <style>#carousel-5146 { background-color: ; } #carousel-5146 .slick-prev:before, #carousel-5146 .slick-next:before { color: #63a2b3 !important;}#carousel-5146 .slick-slide { margin: 2px 20px; } #carousel-5146 .rpc-title { color: #62a2b2; } #carousel-5146 .rpc-content { color: rgba(255,255,255,0); } #carousel-5146 .rpc-date { background-color: rgba(255,255,255,0); } #carousel-5146 .rpc-date { color: rgba(221,51,51,0); } #carousel-5146 .rpc-overlay { background-color: rgba(224,224,224,0); } #carousel-5146 figure.social-card:before, figure.social-card:after { background-color: rgba(224,224,224,0); } #carousel-5146 .float-sharing-on-hover i, .float-sharing-on-hover .corner { background-color: rgba(224,224,224,0); color: rgba(255,255,255,0); } #carousel-5146 .carousel-style9 { border-top-color: rgba(224,224,224,0); } #carousel-5146 .carousel-style9 .button:before { background-color: rgba(224,224,224,0); } #carousel-5146 .rpc-box { box-shadow: ; } #carousel-5146 .rpc-bg { background-color: rgba(221,153,51,0.01); } #carousel-5146 .rpc-title-bg { background-color: rgba(255,255,255,0.02); } #carousel-5146 figure.visible-title-with-share-on-hover:after { background-color: rgba(255,255,255,0.02); } #carousel-5146 .rpc-box { border: 5 solid #757575; } #carousel-5146 .fixed-height-image { height: 100; } #carousel-5146 .style4 { padding: 10px; } #carousel-5146 .style6 { padding: 10px; } #carousel-5146 .carousel-style11:after { border-color: transparent transparent transparent rgba(224,224,224,0); } #carousel-5146 figure.carousel-style18:after { background-color: rgba(224,224,224,0); } #carousel-5146 .slick-next:before { content: '\\ \\f054 '; } #carousel-5146 .slick-prev:before { content: '\\ \\f053'; }#carousel-5146 .slick-next:before, #carousel-5146 .slick-prev:before { background-color: rgba(15,15,15,0.79); padding: 2px 5px; border-radius: 50%; } #carousel-5146 .carousel-style12 figcaption:before { border-color: transparent transparent transparent rgba(221,153,51,0.01); } #carousel-5146 .carousel-style14 figcaption:before { background-image: linear-gradient(to bottom, transparent 0%, rgba(221,153,51,0.01) 100%); } #carousel-5146 .carousel-style15 figcaption:before { border-color: transparent transparent transparent rgba(221,153,51,0.01); } #carousel-5146 .carousel-style15 .date:before { border-color: transparent rgba(255,255,255,0) transparent transparent; } #carousel-5146 figure.carousel-style18 figcaption:before { background-color: rgba(255,255,255,0); } #carousel-5146 figure.carousel-style18:before { background-color: rgba(255,255,255,0); border: none; } #carousel-5146 .rpc-title { font-family: ; } #carousel-5146 .rpc-title { font-size: ; } #carousel-5146 .rpc-content { font-family: ; } #carousel-5146 .rpc-content { font-size: ; } <\/style>[\/vc_column_text][vc_empty_space][\/vc_column][\/vc_row][vc_row][vc_column][vc_btn title=&#8221;Back to India&#8221; style=&#8221;3d&#8221; color=&#8221;orange&#8221; align=&#8221;center&#8221; link=&#8221;url:http%3A%2F%2Fwww.voyagespersonnalises.fr%2Fvoyage%2Findia%2F||&#8221;][\/vc_column][\/vc_row][vc_row][vc_column][vc_btn title=&#8221;Up&#8221; style=&#8221;3d&#8221; color=&#8221;turquoise&#8221; size=&#8221;xs&#8221; align=&#8221;right&#8221; el_class=&#8221;customscrollup&#8221; link=&#8221;url:%23start_nicdark_framework||&#8221;][\/vc_column][\/vc_row]<\/p>\n<\/div>","protected":false},"excerpt":{"rendered":"<p>[vc_row][vc_column][vc_single_image image=&#8221;6702&#8243; img_size=&#8221;1920X550&#8243; alignment=&#8221;center&#8221;][vc_empty_space][\/vc_column][\/vc_row][vc_row][vc_column][vc_empty_space][\/vc_column][\/vc_row][vc_row][vc_column][vc_column_text] Rajasthan is vast, rough terrain, literally filled with treasures whether be its Royal Palaces, Havelis, hunting lodges, pleasure gardens, hidden villages wrapped in stunning colours and warm, lovely people Not to forget a roaring wildlife with tigers and leopards, buffaloes, an array of deer watched over by Camels and Elephants.[\/vc_column_text][\/vc_column][\/vc_row][vc_row][vc_column][vc_empty_space][\/vc_column][\/vc_row][vc_row full_width=&#8221;stretch_row_content_no_spaces&#8221; &#8230;<\/p>\n","protected":false},"author":1,"featured_media":0,"parent":0,"menu_order":0,"comment_status":"closed","ping_status":"closed","template":"","meta":{"_monsterinsights_skip_tracking":false,"_monsterinsights_sitenote_active":false,"_monsterinsights_sitenote_note":"","_monsterinsights_sitenote_category":0,"_uf_show_specific_survey":0,"_uf_disable_surveys":false,"footnotes":""},"class_list":["post-6414","page","type-page","status-publish","hentry"],"_links":{"self":[{"href":"https:\/\/www.voyagespersonnalises.fr\/en\/wp-json\/wp\/v2\/pages\/6414","targetHints":{"allow":["GET"]}}],"collection":[{"href":"https:\/\/www.voyagespersonnalises.fr\/en\/wp-json\/wp\/v2\/pages"}],"about":[{"href":"https:\/\/www.voyagespersonnalises.fr\/en\/wp-json\/wp\/v2\/types\/page"}],"author":[{"embeddable":true,"href":"https:\/\/www.voyagespersonnalises.fr\/en\/wp-json\/wp\/v2\/users\/1"}],"replies":[{"embeddable":true,"href":"https:\/\/www.voyagespersonnalises.fr\/en\/wp-json\/wp\/v2\/comments?post=6414"}],"version-history":[{"count":51,"href":"https:\/\/www.voyagespersonnalises.fr\/en\/wp-json\/wp\/v2\/pages\/6414\/revisions"}],"predecessor-version":[{"id":8205,"href":"https:\/\/www.voyagespersonnalises.fr\/en\/wp-json\/wp\/v2\/pages\/6414\/revisions\/8205"}],"wp:attachment":[{"href":"https:\/\/www.voyagespersonnalises.fr\/en\/wp-json\/wp\/v2\/media?parent=6414"}],"curies":[{"name":"wp","href":"https:\/\/api.w.org\/{rel}","templated":true}]}}